{"id":540,"date":"2020-04-30T11:50:35","date_gmt":"2020-04-30T11:50:35","guid":{"rendered":"https:\/\/edesiam.com\/?page_id=540"},"modified":"2024-08-30T20:32:33","modified_gmt":"2024-08-30T20:32:33","slug":"television","status":"publish","type":"page","link":"https:\/\/edesiam.com\/es\/media\/television\/","title":{"rendered":"Televisi\u00f3n"},"content":{"rendered":"<div data-elementor-type=\"wp-page\" data-elementor-id=\"540\" class=\"elementor elementor-540\" data-elementor-post-type=\"page\">\n\t\t\t\t\t\t<section class=\"elementor-section elementor-top-section elementor-element elementor-element-4085a58f elementor-section-content-middle elementor-section-boxed elementor-section-height-default elementor-section-height-default\" data-id=\"4085a58f\" data-element_type=\"section\" data-settings=\"{&quot;background_background&quot;:&quot;classic&quot;}\">\n\t\t\t\t\t\t<div class=\"elementor-container elementor-column-gap-default\">\n\t\t\t\t\t<div class=\"elementor-column elementor-col-50 elementor-top-column elementor-element elementor-element-60bff4dc\" data-id=\"60bff4dc\" data-element_type=\"column\" data-settings=\"{&quot;background_background&quot;:&quot;classic&quot;}\">\n\t\t\t<div class=\"elementor-widget-wrap elementor-element-populated\">\n\t\t\t\t\t\t<div class=\"elementor-element elementor-element-ffc2869 elementor-widget elementor-widget-heading\" data-id=\"ffc2869\" data-element_type=\"widget\" data-widget_type=\"heading.default\">\n\t\t\t\t<div class=\"elementor-widget-container\">\n\t\t\t\t\t<h3 class=\"elementor-heading-title elementor-size-large\">SKODA<\/h3>\t\t\t\t<\/div>\n\t\t\t\t<\/div>\n\t\t\t\t<div class=\"elementor-element elementor-element-cb34be6 elementor-widget elementor-widget-heading\" data-id=\"cb34be6\" data-element_type=\"widget\" data-widget_type=\"heading.default\">\n\t\t\t\t<div class=\"elementor-widget-container\">\n\t\t\t\t\t<h3 class=\"elementor-heading-title elementor-size-large translation-block\">Directora Art\u00edstica<br><br>Dise\u00f1adora Acrob\u00e1tica &amp; <br> Core\u00f3grafa<\/h3>\t\t\t\t<\/div>\n\t\t\t\t<\/div>\n\t\t\t\t<div class=\"elementor-element elementor-element-5422eb4a elementor-widget elementor-widget-text-editor\" data-id=\"5422eb4a\" data-element_type=\"widget\" data-widget_type=\"text-editor.default\">\n\t\t\t\t<div class=\"elementor-widget-container\">\n\t\t\t\t\t\t\t\t\t<p>CIRQUE DU SOLEIL<\/p><p>&amp;<\/p><p>SKODA<\/p>\t\t\t\t\t\t\t\t<\/div>\n\t\t\t\t<\/div>\n\t\t\t\t\t<\/div>\n\t\t<\/div>\n\t\t\t\t<div class=\"elementor-column elementor-col-50 elementor-top-column elementor-element elementor-element-5c45de6f\" data-id=\"5c45de6f\" data-element_type=\"column\">\n\t\t\t<div class=\"elementor-widget-wrap elementor-element-populated\">\n\t\t\t\t\t\t<div class=\"elementor-element elementor-element-698fb171 elementor-widget elementor-widget-video\" data-id=\"698fb171\" data-element_type=\"widget\" data-settings=\"{&quot;youtube_url&quot;:&quot;https:\\\/\\\/www.youtube.com\\\/watch?v=3Us5588Wv-M&quot;,&quot;video_type&quot;:&quot;youtube&quot;,&quot;controls&quot;:&quot;yes&quot;}\" data-widget_type=\"video.default\">\n\t\t\t\t<div class=\"elementor-widget-container\">\n\t\t\t\t\t\t\t<div class=\"elementor-wrapper elementor-open-inline\">\n\t\t\t<div class=\"elementor-video\"><\/div>\t\t<\/div>\n\t\t\t\t\t\t<\/div>\n\t\t\t\t<\/div>\n\t\t\t\t<div class=\"elementor-element elementor-element-5813b76 elementor-widget elementor-widget-video\" data-id=\"5813b76\" data-element_type=\"widget\" data-settings=\"{&quot;youtube_url&quot;:&quot;https:\\\/\\\/www.youtube.com\\\/watch?v=zHNCcIJGqc0&quot;,&quot;video_type&quot;:&quot;youtube&quot;,&quot;controls&quot;:&quot;yes&quot;}\" data-widget_type=\"video.default\">\n\t\t\t\t<div class=\"elementor-widget-container\">\n\t\t\t\t\t\t\t<div class=\"elementor-wrapper elementor-open-inline\">\n\t\t\t<div class=\"elementor-video\"><\/div>\t\t<\/div>\n\t\t\t\t\t\t<\/div>\n\t\t\t\t<\/div>\n\t\t\t\t\t<\/div>\n\t\t<\/div>\n\t\t\t\t\t<\/div>\n\t\t<\/section>\n\t\t\t\t<section class=\"elementor-section elementor-top-section elementor-element elementor-element-11860ad0 elementor-section-boxed elementor-section-height-default elementor-section-height-default\" data-id=\"11860ad0\" data-element_type=\"section\" data-settings=\"{&quot;background_background&quot;:&quot;classic&quot;}\">\n\t\t\t\t\t\t<div class=\"elementor-container elementor-column-gap-default\">\n\t\t\t\t\t<div class=\"elementor-column elementor-col-100 elementor-top-column elementor-element elementor-element-75e40055\" data-id=\"75e40055\" data-element_type=\"column\">\n\t\t\t<div class=\"elementor-widget-wrap elementor-element-populated\">\n\t\t\t\t\t\t<div class=\"elementor-element elementor-element-53223d2 elementor-arrows-position-inside elementor-pagination-position-outside elementor-widget elementor-widget-image-carousel\" data-id=\"53223d2\" data-element_type=\"widget\" data-settings=\"{&quot;slides_to_show&quot;:&quot;6&quot;,&quot;navigation&quot;:&quot;both&quot;,&quot;autoplay&quot;:&quot;yes&quot;,&quot;pause_on_hover&quot;:&quot;yes&quot;,&quot;pause_on_interaction&quot;:&quot;yes&quot;,&quot;autoplay_speed&quot;:5000,&quot;infinite&quot;:&quot;yes&quot;,&quot;speed&quot;:500}\" data-widget_type=\"image-carousel.default\">\n\t\t\t\t<div class=\"elementor-widget-container\">\n\t\t\t\t\t\t\t<div class=\"elementor-image-carousel-wrapper swiper\" role=\"region\" aria-roledescription=\"carousel\" aria-label=\"Carrusel de im\u00e1genes\" dir=\"ltr\">\n\t\t\t<div class=\"elementor-image-carousel swiper-wrapper\" aria-live=\"off\">\n\t\t\t\t\t\t\t\t<div class=\"swiper-slide\" role=\"group\" aria-roledescription=\"slide\" aria-label=\"1 de 9\"><a data-elementor-open-lightbox=\"yes\" data-elementor-lightbox-slideshow=\"53223d2\" data-elementor-lightbox-title=\"Trampoline\" data-e-action-hash=\"#elementor-action%3Aaction%3Dlightbox%26settings%3DeyJpZCI6Nzk3LCJ1cmwiOiJodHRwczpcL1wvZWRlc2lhbS5jb21cL3dwLWNvbnRlbnRcL3VwbG9hZHNcLzIwMjBcLzEyXC9UcmFtcG9saW5lLmpwZyIsInNsaWRlc2hvdyI6IjUzMjIzZDIifQ%3D%3D\" href=\"https:\/\/edesiam.com\/wp-content\/uploads\/2020\/12\/Trampoline.jpg\"><figure class=\"swiper-slide-inner\"><img decoding=\"async\" class=\"swiper-slide-image\" src=\"https:\/\/edesiam.com\/wp-content\/uploads\/2020\/12\/Trampoline-150x150.jpg\" alt=\"Trampoline\" \/><\/figure><\/a><\/div><div class=\"swiper-slide\" role=\"group\" aria-roledescription=\"slide\" aria-label=\"2 de 9\"><a data-elementor-open-lightbox=\"yes\" data-elementor-lightbox-slideshow=\"53223d2\" data-elementor-lightbox-title=\"Tissue\" data-e-action-hash=\"#elementor-action%3Aaction%3Dlightbox%26settings%3DeyJpZCI6Nzk2LCJ1cmwiOiJodHRwczpcL1wvZWRlc2lhbS5jb21cL3dwLWNvbnRlbnRcL3VwbG9hZHNcLzIwMjBcLzEyXC9UaXNzdWUuanBnIiwic2xpZGVzaG93IjoiNTMyMjNkMiJ9\" href=\"https:\/\/edesiam.com\/wp-content\/uploads\/2020\/12\/Tissue.jpg\"><figure class=\"swiper-slide-inner\"><img decoding=\"async\" class=\"swiper-slide-image\" src=\"https:\/\/edesiam.com\/wp-content\/uploads\/2020\/12\/Tissue-150x150.jpg\" alt=\"Tissue\" \/><\/figure><\/a><\/div><div class=\"swiper-slide\" role=\"group\" aria-roledescription=\"slide\" aria-label=\"3 de 9\"><a data-elementor-open-lightbox=\"yes\" data-elementor-lightbox-slideshow=\"53223d2\" data-elementor-lightbox-title=\"R-Cyr_Alexis\" data-e-action-hash=\"#elementor-action%3Aaction%3Dlightbox%26settings%3DeyJpZCI6Nzk1LCJ1cmwiOiJodHRwczpcL1wvZWRlc2lhbS5jb21cL3dwLWNvbnRlbnRcL3VwbG9hZHNcLzIwMjBcLzEyXC9SLUN5cl9BbGV4aXMuanBnIiwic2xpZGVzaG93IjoiNTMyMjNkMiJ9\" href=\"https:\/\/edesiam.com\/wp-content\/uploads\/2020\/12\/R-Cyr_Alexis.jpg\"><figure class=\"swiper-slide-inner\"><img decoding=\"async\" class=\"swiper-slide-image\" src=\"https:\/\/edesiam.com\/wp-content\/uploads\/2020\/12\/R-Cyr_Alexis-150x150.jpg\" alt=\"R-Cyr_Alexis\" \/><\/figure><\/a><\/div><div class=\"swiper-slide\" role=\"group\" aria-roledescription=\"slide\" aria-label=\"4 de 9\"><a data-elementor-open-lightbox=\"yes\" data-elementor-lightbox-slideshow=\"53223d2\" data-elementor-lightbox-title=\"lamp\" data-e-action-hash=\"#elementor-action%3Aaction%3Dlightbox%26settings%3DeyJpZCI6Nzk0LCJ1cmwiOiJodHRwczpcL1wvZWRlc2lhbS5jb21cL3dwLWNvbnRlbnRcL3VwbG9hZHNcLzIwMjBcLzEyXC9sYW1wLmpwZyIsInNsaWRlc2hvdyI6IjUzMjIzZDIifQ%3D%3D\" href=\"https:\/\/edesiam.com\/wp-content\/uploads\/2020\/12\/lamp.jpg\"><figure class=\"swiper-slide-inner\"><img decoding=\"async\" class=\"swiper-slide-image\" src=\"https:\/\/edesiam.com\/wp-content\/uploads\/2020\/12\/lamp-150x150.jpg\" alt=\"lamp\" \/><\/figure><\/a><\/div><div class=\"swiper-slide\" role=\"group\" aria-roledescription=\"slide\" aria-label=\"5 de 9\"><a data-elementor-open-lightbox=\"yes\" data-elementor-lightbox-slideshow=\"53223d2\" data-elementor-lightbox-title=\"bungees\" data-e-action-hash=\"#elementor-action%3Aaction%3Dlightbox%26settings%3DeyJpZCI6NzkzLCJ1cmwiOiJodHRwczpcL1wvZWRlc2lhbS5jb21cL3dwLWNvbnRlbnRcL3VwbG9hZHNcLzIwMjBcLzEyXC9idW5nZWVzLmpwZyIsInNsaWRlc2hvdyI6IjUzMjIzZDIifQ%3D%3D\" href=\"https:\/\/edesiam.com\/wp-content\/uploads\/2020\/12\/bungees.jpg\"><figure class=\"swiper-slide-inner\"><img decoding=\"async\" class=\"swiper-slide-image\" src=\"https:\/\/edesiam.com\/wp-content\/uploads\/2020\/12\/bungees-150x150.jpg\" alt=\"bungees\" \/><\/figure><\/a><\/div><div class=\"swiper-slide\" role=\"group\" aria-roledescription=\"slide\" aria-label=\"6 de 9\"><a data-elementor-open-lightbox=\"yes\" data-elementor-lightbox-slideshow=\"53223d2\" data-elementor-lightbox-title=\"Aerial Hoop 1\" data-e-action-hash=\"#elementor-action%3Aaction%3Dlightbox%26settings%3DeyJpZCI6NzkyLCJ1cmwiOiJodHRwczpcL1wvZWRlc2lhbS5jb21cL3dwLWNvbnRlbnRcL3VwbG9hZHNcLzIwMjBcLzEyXC9BZXJpYWwtSG9vcC0xLmpwZyIsInNsaWRlc2hvdyI6IjUzMjIzZDIifQ%3D%3D\" href=\"https:\/\/edesiam.com\/wp-content\/uploads\/2020\/12\/Aerial-Hoop-1.jpg\"><figure class=\"swiper-slide-inner\"><img decoding=\"async\" class=\"swiper-slide-image\" src=\"https:\/\/edesiam.com\/wp-content\/uploads\/2020\/12\/Aerial-Hoop-1-150x150.jpg\" alt=\"Aerial Hoop 1\" \/><\/figure><\/a><\/div><div class=\"swiper-slide\" role=\"group\" aria-roledescription=\"slide\" aria-label=\"7 de 9\"><a data-elementor-open-lightbox=\"yes\" data-elementor-lightbox-slideshow=\"53223d2\" data-elementor-lightbox-title=\"3-Skoda_Edi 3\" data-e-action-hash=\"#elementor-action%3Aaction%3Dlightbox%26settings%3DeyJpZCI6Nzg5LCJ1cmwiOiJodHRwczpcL1wvZWRlc2lhbS5jb21cL3dwLWNvbnRlbnRcL3VwbG9hZHNcLzIwMjBcLzEyXC8zLVNrb2RhX0VkaS0zLmpwZyIsInNsaWRlc2hvdyI6IjUzMjIzZDIifQ%3D%3D\" href=\"https:\/\/edesiam.com\/wp-content\/uploads\/2020\/12\/3-Skoda_Edi-3.jpg\"><figure class=\"swiper-slide-inner\"><img decoding=\"async\" class=\"swiper-slide-image\" src=\"https:\/\/edesiam.com\/wp-content\/uploads\/2020\/12\/3-Skoda_Edi-3-150x150.jpg\" alt=\"3-Skoda_Edi 3\" \/><\/figure><\/a><\/div><div class=\"swiper-slide\" role=\"group\" aria-roledescription=\"slide\" aria-label=\"8 de 9\"><a data-elementor-open-lightbox=\"yes\" data-elementor-lightbox-slideshow=\"53223d2\" data-elementor-lightbox-title=\"2-Skoda_Edi 2\" data-e-action-hash=\"#elementor-action%3Aaction%3Dlightbox%26settings%3DeyJpZCI6Nzg4LCJ1cmwiOiJodHRwczpcL1wvZWRlc2lhbS5jb21cL3dwLWNvbnRlbnRcL3VwbG9hZHNcLzIwMjBcLzEyXC8yLVNrb2RhX0VkaS0yLmpwZyIsInNsaWRlc2hvdyI6IjUzMjIzZDIifQ%3D%3D\" href=\"https:\/\/edesiam.com\/wp-content\/uploads\/2020\/12\/2-Skoda_Edi-2.jpg\"><figure class=\"swiper-slide-inner\"><img decoding=\"async\" class=\"swiper-slide-image\" src=\"https:\/\/edesiam.com\/wp-content\/uploads\/2020\/12\/2-Skoda_Edi-2-150x150.jpg\" alt=\"2-Skoda_Edi 2\" \/><\/figure><\/a><\/div><div class=\"swiper-slide\" role=\"group\" aria-roledescription=\"slide\" aria-label=\"9 de 9\"><a data-elementor-open-lightbox=\"yes\" data-elementor-lightbox-slideshow=\"53223d2\" data-elementor-lightbox-title=\"1-Skoda_Edi 1\" data-e-action-hash=\"#elementor-action%3Aaction%3Dlightbox%26settings%3DeyJpZCI6Nzg3LCJ1cmwiOiJodHRwczpcL1wvZWRlc2lhbS5jb21cL3dwLWNvbnRlbnRcL3VwbG9hZHNcLzIwMjBcLzEyXC8xLVNrb2RhX0VkaS0xLmpwZyIsInNsaWRlc2hvdyI6IjUzMjIzZDIifQ%3D%3D\" href=\"https:\/\/edesiam.com\/wp-content\/uploads\/2020\/12\/1-Skoda_Edi-1.jpg\"><figure class=\"swiper-slide-inner\"><img decoding=\"async\" class=\"swiper-slide-image\" src=\"https:\/\/edesiam.com\/wp-content\/uploads\/2020\/12\/1-Skoda_Edi-1-150x150.jpg\" alt=\"1-Skoda_Edi 1\" \/><\/figure><\/a><\/div>\t\t\t<\/div>\n\t\t\t\t\t\t\t\t\t\t\t\t<div class=\"elementor-swiper-button elementor-swiper-button-prev\" role=\"button\" tabindex=\"0\">\n\t\t\t\t\t\t<i aria-hidden=\"true\" class=\"eicon-chevron-left\"><\/i>\t\t\t\t\t<\/div>\n\t\t\t\t\t<div class=\"elementor-swiper-button elementor-swiper-button-next\" role=\"button\" tabindex=\"0\">\n\t\t\t\t\t\t<i aria-hidden=\"true\" class=\"eicon-chevron-right\"><\/i>\t\t\t\t\t<\/div>\n\t\t\t\t\n\t\t\t\t\t\t\t\t\t<div class=\"swiper-pagination\"><\/div>\n\t\t\t\t\t\t\t\t\t<\/div>\n\t\t\t\t\t\t<\/div>\n\t\t\t\t<\/div>\n\t\t\t\t\t<\/div>\n\t\t<\/div>\n\t\t\t\t\t<\/div>\n\t\t<\/section>\n\t\t\t\t<\/div>","protected":false},"excerpt":{"rendered":"<p>SKODA Artistic Director acrobatic designer &#038;choreographer CIRQUE DU SOLEIL &amp; SKODA https:\/\/www.youtube.com\/watch?v=3Us5588Wv-Mhttps:\/\/www.youtube.com\/watch?v=zHNCcIJGqc0<\/p>","protected":false},"author":1,"featured_media":0,"parent":13,"menu_order":2,"comment_status":"closed","ping_status":"closed","template":"","meta":{"ocean_post_layout":"full-screen","ocean_both_sidebars_style":"","ocean_both_sidebars_content_width":0,"ocean_both_sidebars_sidebars_width":0,"ocean_sidebar":"0","ocean_second_sidebar":"0","ocean_disable_margins":"on","ocean_add_body_class":"","ocean_shortcode_before_top_bar":"","ocean_shortcode_after_top_bar":"","ocean_shortcode_before_header":"","ocean_shortcode_after_header":"","ocean_has_shortcode":"","ocean_shortcode_after_title":"","ocean_shortcode_before_footer_widgets":"","ocean_shortcode_after_footer_widgets":"","ocean_shortcode_before_footer_bottom":"","ocean_shortcode_after_footer_bottom":"","ocean_display_top_bar":"default","ocean_display_header":"default","ocean_header_style":"","ocean_center_header_left_menu":"0","ocean_custom_header_template":"0","ocean_custom_logo":0,"ocean_custom_retina_logo":0,"ocean_custom_logo_max_width":0,"ocean_custom_logo_tablet_max_width":0,"ocean_custom_logo_mobile_max_width":0,"ocean_custom_logo_max_height":0,"ocean_custom_logo_tablet_max_height":0,"ocean_custom_logo_mobile_max_height":0,"ocean_header_custom_menu":"0","ocean_menu_typo_font_family":"0","ocean_menu_typo_font_subset":"","ocean_menu_typo_font_size":0,"ocean_menu_typo_font_size_tablet":0,"ocean_menu_typo_font_size_mobile":0,"ocean_menu_typo_font_size_unit":"px","ocean_menu_typo_font_weight":"","ocean_menu_typo_font_weight_tablet":"","ocean_menu_typo_font_weight_mobile":"","ocean_menu_typo_transform":"","ocean_menu_typo_transform_tablet":"","ocean_menu_typo_transform_mobile":"","ocean_menu_typo_line_height":0,"ocean_menu_typo_line_height_tablet":0,"ocean_menu_typo_line_height_mobile":0,"ocean_menu_typo_line_height_unit":"","ocean_menu_typo_spacing":0,"ocean_menu_typo_spacing_tablet":0,"ocean_menu_typo_spacing_mobile":0,"ocean_menu_typo_spacing_unit":"","ocean_menu_link_color":"","ocean_menu_link_color_hover":"","ocean_menu_link_color_active":"","ocean_menu_link_background":"","ocean_menu_link_hover_background":"","ocean_menu_link_active_background":"","ocean_menu_social_links_bg":"","ocean_menu_social_hover_links_bg":"","ocean_menu_social_links_color":"","ocean_menu_social_hover_links_color":"","ocean_disable_title":"on","ocean_disable_heading":"default","ocean_post_title":"","ocean_post_subheading":"","ocean_post_title_style":"","ocean_post_title_background_color":"","ocean_post_title_background":0,"ocean_post_title_bg_image_position":"","ocean_post_title_bg_image_attachment":"","ocean_post_title_bg_image_repeat":"","ocean_post_title_bg_image_size":"","ocean_post_title_height":0,"ocean_post_title_bg_overlay":0.5,"ocean_post_title_bg_overlay_color":"","ocean_disable_breadcrumbs":"default","ocean_breadcrumbs_color":"","ocean_breadcrumbs_separator_color":"","ocean_breadcrumbs_links_color":"","ocean_breadcrumbs_links_hover_color":"","ocean_display_footer_widgets":"default","ocean_display_footer_bottom":"default","ocean_custom_footer_template":"0","footnotes":""},"class_list":["post-540","page","type-page","status-publish","hentry","entry"],"yoast_head":"<!-- This site is optimized with the Yoast SEO plugin v25.8 - https:\/\/yoast.com\/wordpress\/plugins\/seo\/ -->\n<title>Television - edesiam.com<\/title>\n<meta name=\"robots\" content=\"index, follow, max-snippet:-1, max-image-preview:large, max-video-preview:-1\" \/>\n<link rel=\"canonical\" href=\"https:\/\/edesiam.com\/es\/media\/television\/\" \/>\n<meta property=\"og:locale\" content=\"es_ES\" \/>\n<meta property=\"og:type\" content=\"article\" \/>\n<meta property=\"og:title\" content=\"Television - edesiam.com\" \/>\n<meta property=\"og:description\" content=\"SKODA Artistic Director acrobatic designer &#038;choreographer CIRQUE DU SOLEIL &amp; SKODA https:\/\/www.youtube.com\/watch?v=3Us5588Wv-Mhttps:\/\/www.youtube.com\/watch?v=zHNCcIJGqc0\" \/>\n<meta property=\"og:url\" content=\"https:\/\/edesiam.com\/es\/media\/television\/\" \/>\n<meta property=\"og:site_name\" content=\"edesiam.com\" \/>\n<meta property=\"article:modified_time\" content=\"2024-08-30T20:32:33+00:00\" \/>\n<meta property=\"og:image\" content=\"https:\/\/edesiam.com\/wp-content\/uploads\/2020\/12\/Trampoline-150x150.jpg\" \/>\n<meta name=\"twitter:card\" content=\"summary_large_image\" \/>\n<meta name=\"twitter:label1\" content=\"Tiempo de lectura\" \/>\n\t<meta name=\"twitter:data1\" content=\"5 minutos\" \/>\n<script type=\"application\/ld+json\" class=\"yoast-schema-graph\">{\"@context\":\"https:\/\/schema.org\",\"@graph\":[{\"@type\":\"WebPage\",\"@id\":\"https:\/\/edesiam.com\/media\/television\/\",\"url\":\"https:\/\/edesiam.com\/media\/television\/\",\"name\":\"Television - edesiam.com\",\"isPartOf\":{\"@id\":\"https:\/\/edesiam.com\/#website\"},\"primaryImageOfPage\":{\"@id\":\"https:\/\/edesiam.com\/media\/television\/#primaryimage\"},\"image\":{\"@id\":\"https:\/\/edesiam.com\/media\/television\/#primaryimage\"},\"thumbnailUrl\":\"https:\/\/edesiam.com\/wp-content\/uploads\/2020\/12\/Trampoline-150x150.jpg\",\"datePublished\":\"2020-04-30T11:50:35+00:00\",\"dateModified\":\"2024-08-30T20:32:33+00:00\",\"breadcrumb\":{\"@id\":\"https:\/\/edesiam.com\/media\/television\/#breadcrumb\"},\"inLanguage\":\"es\",\"potentialAction\":[{\"@type\":\"ReadAction\",\"target\":[\"https:\/\/edesiam.com\/media\/television\/\"]}]},{\"@type\":\"ImageObject\",\"inLanguage\":\"es\",\"@id\":\"https:\/\/edesiam.com\/media\/television\/#primaryimage\",\"url\":\"https:\/\/edesiam.com\/wp-content\/uploads\/2020\/12\/Trampoline-150x150.jpg\",\"contentUrl\":\"https:\/\/edesiam.com\/wp-content\/uploads\/2020\/12\/Trampoline-150x150.jpg\"},{\"@type\":\"BreadcrumbList\",\"@id\":\"https:\/\/edesiam.com\/media\/television\/#breadcrumb\",\"itemListElement\":[{\"@type\":\"ListItem\",\"position\":1,\"name\":\"Home\",\"item\":\"https:\/\/edesiam.com\/\"},{\"@type\":\"ListItem\",\"position\":2,\"name\":\"Showreel\",\"item\":\"https:\/\/edesiam.com\/media\/\"},{\"@type\":\"ListItem\",\"position\":3,\"name\":\"Television\"}]},{\"@type\":\"WebSite\",\"@id\":\"https:\/\/edesiam.com\/#website\",\"url\":\"https:\/\/edesiam.com\/\",\"name\":\"edesiam.com\",\"description\":\"Performance Designer\",\"publisher\":{\"@id\":\"https:\/\/edesiam.com\/#\/schema\/person\/36b2918b7ca7480730e2eb7ec9f09dc9\"},\"potentialAction\":[{\"@type\":\"SearchAction\",\"target\":{\"@type\":\"EntryPoint\",\"urlTemplate\":\"https:\/\/edesiam.com\/?s={search_term_string}\"},\"query-input\":{\"@type\":\"PropertyValueSpecification\",\"valueRequired\":true,\"valueName\":\"search_term_string\"}}],\"inLanguage\":\"es\"},{\"@type\":[\"Person\",\"Organization\"],\"@id\":\"https:\/\/edesiam.com\/#\/schema\/person\/36b2918b7ca7480730e2eb7ec9f09dc9\",\"name\":\"Edesia Moreno Barata\",\"image\":{\"@type\":\"ImageObject\",\"inLanguage\":\"es\",\"@id\":\"https:\/\/edesiam.com\/#\/schema\/person\/image\/\",\"url\":\"https:\/\/secure.gravatar.com\/avatar\/b47ed331f5f2f2d50fa555d74a58a5542585c6b7dbea8a989830e06f37439cb5?s=96&d=mm&r=g\",\"contentUrl\":\"https:\/\/secure.gravatar.com\/avatar\/b47ed331f5f2f2d50fa555d74a58a5542585c6b7dbea8a989830e06f37439cb5?s=96&d=mm&r=g\",\"caption\":\"Edesia Moreno Barata\"},\"logo\":{\"@id\":\"https:\/\/edesiam.com\/#\/schema\/person\/image\/\"},\"sameAs\":[\"http:\/\/edesiam.com\"]}]}<\/script>\n<!-- \/ Yoast SEO plugin. -->","yoast_head_json":{"title":"Television - edesiam.com","robots":{"index":"index","follow":"follow","max-snippet":"max-snippet:-1","max-image-preview":"max-image-preview:large","max-video-preview":"max-video-preview:-1"},"canonical":"https:\/\/edesiam.com\/es\/media\/television\/","og_locale":"es_ES","og_type":"article","og_title":"Television - edesiam.com","og_description":"SKODA Artistic Director acrobatic designer &#038;choreographer CIRQUE DU SOLEIL &amp; SKODA https:\/\/www.youtube.com\/watch?v=3Us5588Wv-Mhttps:\/\/www.youtube.com\/watch?v=zHNCcIJGqc0","og_url":"https:\/\/edesiam.com\/es\/media\/television\/","og_site_name":"edesiam.com","article_modified_time":"2024-08-30T20:32:33+00:00","og_image":[{"url":"https:\/\/edesiam.com\/wp-content\/uploads\/2020\/12\/Trampoline-150x150.jpg","type":"","width":"","height":""}],"twitter_card":"summary_large_image","twitter_misc":{"Tiempo de lectura":"5 minutos"},"schema":{"@context":"https:\/\/schema.org","@graph":[{"@type":"WebPage","@id":"https:\/\/edesiam.com\/media\/television\/","url":"https:\/\/edesiam.com\/media\/television\/","name":"Television - edesiam.com","isPartOf":{"@id":"https:\/\/edesiam.com\/#website"},"primaryImageOfPage":{"@id":"https:\/\/edesiam.com\/media\/television\/#primaryimage"},"image":{"@id":"https:\/\/edesiam.com\/media\/television\/#primaryimage"},"thumbnailUrl":"https:\/\/edesiam.com\/wp-content\/uploads\/2020\/12\/Trampoline-150x150.jpg","datePublished":"2020-04-30T11:50:35+00:00","dateModified":"2024-08-30T20:32:33+00:00","breadcrumb":{"@id":"https:\/\/edesiam.com\/media\/television\/#breadcrumb"},"inLanguage":"es","potentialAction":[{"@type":"ReadAction","target":["https:\/\/edesiam.com\/media\/television\/"]}]},{"@type":"ImageObject","inLanguage":"es","@id":"https:\/\/edesiam.com\/media\/television\/#primaryimage","url":"https:\/\/edesiam.com\/wp-content\/uploads\/2020\/12\/Trampoline-150x150.jpg","contentUrl":"https:\/\/edesiam.com\/wp-content\/uploads\/2020\/12\/Trampoline-150x150.jpg"},{"@type":"BreadcrumbList","@id":"https:\/\/edesiam.com\/media\/television\/#breadcrumb","itemListElement":[{"@type":"ListItem","position":1,"name":"Home","item":"https:\/\/edesiam.com\/"},{"@type":"ListItem","position":2,"name":"Showreel","item":"https:\/\/edesiam.com\/media\/"},{"@type":"ListItem","position":3,"name":"Television"}]},{"@type":"WebSite","@id":"https:\/\/edesiam.com\/#website","url":"https:\/\/edesiam.com\/","name":"edesiam.com","description":"Performance Designer","publisher":{"@id":"https:\/\/edesiam.com\/#\/schema\/person\/36b2918b7ca7480730e2eb7ec9f09dc9"},"potentialAction":[{"@type":"SearchAction","target":{"@type":"EntryPoint","urlTemplate":"https:\/\/edesiam.com\/?s={search_term_string}"},"query-input":{"@type":"PropertyValueSpecification","valueRequired":true,"valueName":"search_term_string"}}],"inLanguage":"es"},{"@type":["Person","Organization"],"@id":"https:\/\/edesiam.com\/#\/schema\/person\/36b2918b7ca7480730e2eb7ec9f09dc9","name":"Edesia Moreno Barata","image":{"@type":"ImageObject","inLanguage":"es","@id":"https:\/\/edesiam.com\/#\/schema\/person\/image\/","url":"https:\/\/secure.gravatar.com\/avatar\/b47ed331f5f2f2d50fa555d74a58a5542585c6b7dbea8a989830e06f37439cb5?s=96&d=mm&r=g","contentUrl":"https:\/\/secure.gravatar.com\/avatar\/b47ed331f5f2f2d50fa555d74a58a5542585c6b7dbea8a989830e06f37439cb5?s=96&d=mm&r=g","caption":"Edesia Moreno Barata"},"logo":{"@id":"https:\/\/edesiam.com\/#\/schema\/person\/image\/"},"sameAs":["http:\/\/edesiam.com"]}]}},"_links":{"self":[{"href":"https:\/\/edesiam.com\/es\/wp-json\/wp\/v2\/pages\/540","targetHints":{"allow":["GET"]}}],"collection":[{"href":"https:\/\/edesiam.com\/es\/wp-json\/wp\/v2\/pages"}],"about":[{"href":"https:\/\/edesiam.com\/es\/wp-json\/wp\/v2\/types\/page"}],"author":[{"embeddable":true,"href":"https:\/\/edesiam.com\/es\/wp-json\/wp\/v2\/users\/1"}],"replies":[{"embeddable":true,"href":"https:\/\/edesiam.com\/es\/wp-json\/wp\/v2\/comments?post=540"}],"version-history":[{"count":21,"href":"https:\/\/edesiam.com\/es\/wp-json\/wp\/v2\/pages\/540\/revisions"}],"predecessor-version":[{"id":1820,"href":"https:\/\/edesiam.com\/es\/wp-json\/wp\/v2\/pages\/540\/revisions\/1820"}],"up":[{"embeddable":true,"href":"https:\/\/edesiam.com\/es\/wp-json\/wp\/v2\/pages\/13"}],"wp:attachment":[{"href":"https:\/\/edesiam.com\/es\/wp-json\/wp\/v2\/media?parent=540"}],"curies":[{"name":"wp","href":"https:\/\/api.w.org\/{rel}","templated":true}]}}