{"id":15,"date":"2018-08-04T22:07:54","date_gmt":"2018-08-04T22:07:54","guid":{"rendered":"https:\/\/edesiam.com\/?page_id=15"},"modified":"2020-12-04T09:34:26","modified_gmt":"2020-12-04T09:34:26","slug":"testimonials","status":"publish","type":"page","link":"https:\/\/edesiam.com\/es\/testimonials\/","title":{"rendered":"Testimonios"},"content":{"rendered":"<div data-elementor-type=\"wp-post\" data-elementor-id=\"15\" class=\"elementor elementor-15\" data-elementor-post-type=\"page\">\n\t\t\t\t\t\t<section class=\"elementor-section elementor-top-section elementor-element elementor-element-edab7e1 elementor-section-boxed elementor-section-height-default elementor-section-height-default\" data-id=\"edab7e1\" data-element_type=\"section\" data-settings=\"{&quot;background_background&quot;:&quot;classic&quot;}\">\n\t\t\t\t\t\t<div class=\"elementor-container elementor-column-gap-default\">\n\t\t\t\t\t<div class=\"elementor-column elementor-col-100 elementor-top-column elementor-element elementor-element-9536ee6\" data-id=\"9536ee6\" data-element_type=\"column\">\n\t\t\t<div class=\"elementor-widget-wrap elementor-element-populated\">\n\t\t\t\t\t\t<section class=\"elementor-section elementor-inner-section elementor-element elementor-element-cb328bc elementor-section-full_width elementor-reverse-mobile elementor-section-height-default elementor-section-height-default\" data-id=\"cb328bc\" data-element_type=\"section\">\n\t\t\t\t\t\t<div class=\"elementor-container elementor-column-gap-default\">\n\t\t\t\t\t<div class=\"elementor-column elementor-col-66 elementor-inner-column elementor-element elementor-element-23ddf01\" data-id=\"23ddf01\" data-element_type=\"column\" data-settings=\"{&quot;background_background&quot;:&quot;classic&quot;}\">\n\t\t\t<div class=\"elementor-widget-wrap elementor-element-populated\">\n\t\t\t\t\t\t<div class=\"elementor-element elementor-element-25ef7fc elementor-widget elementor-widget-heading\" data-id=\"25ef7fc\" data-element_type=\"widget\" data-widget_type=\"heading.default\">\n\t\t\t\t<div class=\"elementor-widget-container\">\n\t\t\t\t\t<h2 class=\"elementor-heading-title elementor-size-default\">Krista Monson - Directora de Escena<\/h2>\t\t\t\t<\/div>\n\t\t\t\t<\/div>\n\t\t\t\t<div class=\"elementor-element elementor-element-a4dc715 elementor-widget elementor-widget-text-editor\" data-id=\"a4dc715\" data-element_type=\"widget\" data-widget_type=\"text-editor.default\">\n\t\t\t\t<div class=\"elementor-widget-container\">\n\t\t\t\t\t\t\t\t\t<p>\u201cEdesia es una de las core\u00f3grafas acrob\u00e1ticas y a\u00e9reas m\u00e1s talentosas con las que he tenido el placer de trabajar. Tambi\u00e9n actu\u00f3 como asistente de direcci\u00f3n para un espectaculo que dirig\u00ed. Trabaj\u00f3 incansablemente y con \u00e9xito para infundir car\u00e1cter y narrativa dentro de las acrobacias y en general en todos los conceptos de la production. Cada mil\u00edmetro de su ser est\u00e1 dedicado a hacer de cada momento un momento de excelencia que persiste por siempre . Dos palabras: \"ELLA ENTREGA\".<\/p>\t\t\t\t\t\t\t\t<\/div>\n\t\t\t\t<\/div>\n\t\t\t\t\t<\/div>\n\t\t<\/div>\n\t\t\t\t<div class=\"elementor-column elementor-col-33 elementor-inner-column elementor-element elementor-element-8ed1929\" data-id=\"8ed1929\" data-element_type=\"column\">\n\t\t\t<div class=\"elementor-widget-wrap elementor-element-populated\">\n\t\t\t\t\t\t<div class=\"elementor-element elementor-element-be23673 elementor-widget elementor-widget-image\" data-id=\"be23673\" data-element_type=\"widget\" data-widget_type=\"image.default\">\n\t\t\t\t<div class=\"elementor-widget-container\">\n\t\t\t\t\t\t\t\t\t\t\t\t\t\t\t<img fetchpriority=\"high\" decoding=\"async\" width=\"225\" height=\"225\" src=\"https:\/\/edesiam.com\/wp-content\/uploads\/2018\/08\/Krista-Monson.jpg\" class=\"attachment-medium size-medium wp-image-75\" alt=\"\" srcset=\"https:\/\/edesiam.com\/wp-content\/uploads\/2018\/08\/Krista-Monson.jpg 225w, https:\/\/edesiam.com\/wp-content\/uploads\/2018\/08\/Krista-Monson-150x150.jpg 150w\" sizes=\"(max-width: 225px) 100vw, 225px\" \/>\t\t\t\t\t\t\t\t\t\t\t\t\t\t\t<\/div>\n\t\t\t\t<\/div>\n\t\t\t\t\t<\/div>\n\t\t<\/div>\n\t\t\t\t\t<\/div>\n\t\t<\/section>\n\t\t\t\t<section class=\"elementor-section elementor-inner-section elementor-element elementor-element-b79f30c elementor-section-full_width elementor-section-height-default elementor-section-height-default\" data-id=\"b79f30c\" data-element_type=\"section\">\n\t\t\t\t\t\t<div class=\"elementor-container elementor-column-gap-default\">\n\t\t\t\t\t<div class=\"elementor-column elementor-col-33 elementor-inner-column elementor-element elementor-element-856dd32\" data-id=\"856dd32\" data-element_type=\"column\">\n\t\t\t<div class=\"elementor-widget-wrap elementor-element-populated\">\n\t\t\t\t\t\t<div class=\"elementor-element elementor-element-063f954 elementor-widget elementor-widget-image\" data-id=\"063f954\" data-element_type=\"widget\" data-widget_type=\"image.default\">\n\t\t\t\t<div class=\"elementor-widget-container\">\n\t\t\t\t\t\t\t\t\t\t\t\t\t\t\t<img decoding=\"async\" src=\"https:\/\/edesiam.com\/wp-content\/uploads\/elementor\/thumbs\/Gypsy-oobgw006f9j78k1ephjuna4iuvdq0tcml0bc3wbf0k.jpg\" title=\"Gypsy\" alt=\"Gypsy\" loading=\"lazy\" \/>\t\t\t\t\t\t\t\t\t\t\t\t\t\t\t<\/div>\n\t\t\t\t<\/div>\n\t\t\t\t\t<\/div>\n\t\t<\/div>\n\t\t\t\t<div class=\"elementor-column elementor-col-66 elementor-inner-column elementor-element elementor-element-1c71aa6\" data-id=\"1c71aa6\" data-element_type=\"column\" data-settings=\"{&quot;background_background&quot;:&quot;classic&quot;}\">\n\t\t\t<div class=\"elementor-widget-wrap elementor-element-populated\">\n\t\t\t\t\t\t<div class=\"elementor-element elementor-element-37b4b93 elementor-widget elementor-widget-heading\" data-id=\"37b4b93\" data-element_type=\"widget\" data-widget_type=\"heading.default\">\n\t\t\t\t<div class=\"elementor-widget-container\">\n\t\t\t\t\t<h2 class=\"elementor-heading-title elementor-size-default\">Gypsy Snider - Directora de Escena &amp; Co-Fundadora Les 7 Doigts<\/h2>\t\t\t\t<\/div>\n\t\t\t\t<\/div>\n\t\t\t\t<div class=\"elementor-element elementor-element-25a4d41 elementor-widget elementor-widget-text-editor\" data-id=\"25a4d41\" data-element_type=\"widget\" data-widget_type=\"text-editor.default\">\n\t\t\t\t<div class=\"elementor-widget-container\">\n\t\t\t\t\t\t\t\t\t<p>\u201cHe tenido el inmenso placer de trabajar con Edesia en el escenario y como colaboradora. Ella aporta una \u00e9tica de trabajo feroz, de experiencia y de talento a su coreograf\u00eda acrob\u00e1tica y a\u00e9rea. Es una asociada y asistente de direcci\u00f3n con mucha dedicaci\u00f3n, siempre trabajando incansablemente para lograr los objetivos del equipo colectivo y la visi\u00f3n del proyecto. Su ingenio y pasi\u00f3n son valiosos para cualquier proceso creativo y su impulso es contagioso. \"<\/p>\t\t\t\t\t\t\t\t<\/div>\n\t\t\t\t<\/div>\n\t\t\t\t\t<\/div>\n\t\t<\/div>\n\t\t\t\t\t<\/div>\n\t\t<\/section>\n\t\t\t\t<section class=\"elementor-section elementor-inner-section elementor-element elementor-element-e5f5d82 elementor-section-full_width elementor-reverse-mobile elementor-section-height-default elementor-section-height-default\" data-id=\"e5f5d82\" data-element_type=\"section\">\n\t\t\t\t\t\t<div class=\"elementor-container elementor-column-gap-default\">\n\t\t\t\t\t<div class=\"elementor-column elementor-col-66 elementor-inner-column elementor-element elementor-element-4cb86a5\" data-id=\"4cb86a5\" data-element_type=\"column\" data-settings=\"{&quot;background_background&quot;:&quot;classic&quot;}\">\n\t\t\t<div class=\"elementor-widget-wrap elementor-element-populated\">\n\t\t\t\t\t\t<div class=\"elementor-element elementor-element-67aa8a3 elementor-widget elementor-widget-heading\" data-id=\"67aa8a3\" data-element_type=\"widget\" data-widget_type=\"heading.default\">\n\t\t\t\t<div class=\"elementor-widget-container\">\n\t\t\t\t\t<h2 class=\"elementor-heading-title elementor-size-default\">James Hadley - Director Creativo<\/h2>\t\t\t\t<\/div>\n\t\t\t\t<\/div>\n\t\t\t\t<div class=\"elementor-element elementor-element-e965218 elementor-widget elementor-widget-text-editor\" data-id=\"e965218\" data-element_type=\"widget\" data-widget_type=\"text-editor.default\">\n\t\t\t\t<div class=\"elementor-widget-container\">\n\t\t\t\t\t\t\t\t\t<p>\u201cEdesia es una fuente inagotable de creatividad, pasi\u00f3n e imaginaci\u00f3n. Ella es una narradora cuando crea y siempre est\u00e1 pensando en c\u00f3mo los actos y los personajes impactar\u00e1n en todo el espect\u00e1culo. \u00a1El trabajo de Edesia siempre sorprende y deleita! \"<\/p>\t\t\t\t\t\t\t\t<\/div>\n\t\t\t\t<\/div>\n\t\t\t\t\t<\/div>\n\t\t<\/div>\n\t\t\t\t<div class=\"elementor-column elementor-col-33 elementor-inner-column elementor-element elementor-element-50c2feb\" data-id=\"50c2feb\" data-element_type=\"column\">\n\t\t\t<div class=\"elementor-widget-wrap elementor-element-populated\">\n\t\t\t\t\t\t<div class=\"elementor-element elementor-element-345c870 elementor-widget elementor-widget-image\" data-id=\"345c870\" data-element_type=\"widget\" data-widget_type=\"image.default\">\n\t\t\t\t<div class=\"elementor-widget-container\">\n\t\t\t\t\t\t\t\t\t\t\t\t\t\t\t<img decoding=\"async\" src=\"https:\/\/edesiam.com\/wp-content\/uploads\/elementor\/thumbs\/JamesHadley-oojdn7ull2ojn2wpdngbx75l6t1muqywn74obxd67y.png\" title=\"JamesHadley\" alt=\"JamesHadley\" loading=\"lazy\" \/>\t\t\t\t\t\t\t\t\t\t\t\t\t\t\t<\/div>\n\t\t\t\t<\/div>\n\t\t\t\t\t<\/div>\n\t\t<\/div>\n\t\t\t\t\t<\/div>\n\t\t<\/section>\n\t\t\t\t\t<\/div>\n\t\t<\/div>\n\t\t\t\t\t<\/div>\n\t\t<\/section>\n\t\t\t\t<\/div>","protected":false},"excerpt":{"rendered":"<p>Krista Monson &#8211; Stage Director &#8220;Edesia is one of the most talented acrobatic and aerial Choreographers I have had the pleasure of working with. She also acted as Assistant Director for a show I directed. She worked tirelessly and successfully to infuse character&nbsp;and narrative within the acrobatics and the overall productions. Every ounce of her [&hellip;]<\/p>","protected":false},"author":1,"featured_media":0,"parent":0,"menu_order":0,"comment_status":"closed","ping_status":"closed","template":"","meta":{"ocean_post_layout":"full-screen","ocean_both_sidebars_style":"","ocean_both_sidebars_content_width":0,"ocean_both_sidebars_sidebars_width":0,"ocean_sidebar":"0","ocean_second_sidebar":"0","ocean_disable_margins":"enable","ocean_add_body_class":"","ocean_shortcode_before_top_bar":"","ocean_shortcode_after_top_bar":"","ocean_shortcode_before_header":"","ocean_shortcode_after_header":"","ocean_has_shortcode":"","ocean_shortcode_after_title":"","ocean_shortcode_before_footer_widgets":"","ocean_shortcode_after_footer_widgets":"","ocean_shortcode_before_footer_bottom":"","ocean_shortcode_after_footer_bottom":"","ocean_display_top_bar":"default","ocean_display_header":"default","ocean_header_style":"","ocean_center_header_left_menu":"0","ocean_custom_header_template":"0","ocean_custom_logo":0,"ocean_custom_retina_logo":0,"ocean_custom_logo_max_width":0,"ocean_custom_logo_tablet_max_width":0,"ocean_custom_logo_mobile_max_width":0,"ocean_custom_logo_max_height":0,"ocean_custom_logo_tablet_max_height":0,"ocean_custom_logo_mobile_max_height":0,"ocean_header_custom_menu":"0","ocean_menu_typo_font_family":"0","ocean_menu_typo_font_subset":"","ocean_menu_typo_font_size":0,"ocean_menu_typo_font_size_tablet":0,"ocean_menu_typo_font_size_mobile":0,"ocean_menu_typo_font_size_unit":"px","ocean_menu_typo_font_weight":"","ocean_menu_typo_font_weight_tablet":"","ocean_menu_typo_font_weight_mobile":"","ocean_menu_typo_transform":"","ocean_menu_typo_transform_tablet":"","ocean_menu_typo_transform_mobile":"","ocean_menu_typo_line_height":0,"ocean_menu_typo_line_height_tablet":0,"ocean_menu_typo_line_height_mobile":0,"ocean_menu_typo_line_height_unit":"","ocean_menu_typo_spacing":0,"ocean_menu_typo_spacing_tablet":0,"ocean_menu_typo_spacing_mobile":0,"ocean_menu_typo_spacing_unit":"","ocean_menu_link_color":"","ocean_menu_link_color_hover":"","ocean_menu_link_color_active":"","ocean_menu_link_background":"","ocean_menu_link_hover_background":"","ocean_menu_link_active_background":"","ocean_menu_social_links_bg":"","ocean_menu_social_hover_links_bg":"","ocean_menu_social_links_color":"","ocean_menu_social_hover_links_color":"","ocean_disable_title":"on","ocean_disable_heading":"default","ocean_post_title":"","ocean_post_subheading":"","ocean_post_title_style":"","ocean_post_title_background_color":"","ocean_post_title_background":0,"ocean_post_title_bg_image_position":"","ocean_post_title_bg_image_attachment":"","ocean_post_title_bg_image_repeat":"","ocean_post_title_bg_image_size":"","ocean_post_title_height":0,"ocean_post_title_bg_overlay":0.5,"ocean_post_title_bg_overlay_color":"","ocean_disable_breadcrumbs":"default","ocean_breadcrumbs_color":"","ocean_breadcrumbs_separator_color":"","ocean_breadcrumbs_links_color":"","ocean_breadcrumbs_links_hover_color":"","ocean_display_footer_widgets":"default","ocean_display_footer_bottom":"default","ocean_custom_footer_template":"0","footnotes":""},"class_list":["post-15","page","type-page","status-publish","hentry","entry"],"yoast_head":"<!-- This site is optimized with the Yoast SEO plugin v25.8 - https:\/\/yoast.com\/wordpress\/plugins\/seo\/ -->\n<title>Testimonials - edesiam.com<\/title>\n<meta name=\"robots\" content=\"index, follow, max-snippet:-1, max-image-preview:large, max-video-preview:-1\" \/>\n<link rel=\"canonical\" href=\"https:\/\/edesiam.com\/es\/testimonials\/\" \/>\n<meta property=\"og:locale\" content=\"es_ES\" \/>\n<meta property=\"og:type\" content=\"article\" \/>\n<meta property=\"og:title\" content=\"Testimonials - edesiam.com\" \/>\n<meta property=\"og:description\" content=\"Krista Monson &#8211; Stage Director &#8220;Edesia is one of the most talented acrobatic and aerial Choreographers I have had the pleasure of working with. She also acted as Assistant Director for a show I directed. She worked tirelessly and successfully to infuse character&nbsp;and narrative within the acrobatics and the overall productions. Every ounce of her [&hellip;]\" \/>\n<meta property=\"og:url\" content=\"https:\/\/edesiam.com\/es\/testimonials\/\" \/>\n<meta property=\"og:site_name\" content=\"edesiam.com\" \/>\n<meta property=\"article:modified_time\" content=\"2020-12-04T09:34:26+00:00\" \/>\n<meta property=\"og:image\" content=\"https:\/\/edesiam.com\/wp-content\/uploads\/2018\/08\/Krista-Monson.jpg\" \/>\n<meta name=\"twitter:card\" content=\"summary_large_image\" \/>\n<meta name=\"twitter:label1\" content=\"Tiempo de lectura\" \/>\n\t<meta name=\"twitter:data1\" content=\"1 minuto\" \/>\n<script type=\"application\/ld+json\" class=\"yoast-schema-graph\">{\"@context\":\"https:\/\/schema.org\",\"@graph\":[{\"@type\":\"WebPage\",\"@id\":\"https:\/\/edesiam.com\/testimonials\/\",\"url\":\"https:\/\/edesiam.com\/testimonials\/\",\"name\":\"Testimonials - edesiam.com\",\"isPartOf\":{\"@id\":\"https:\/\/edesiam.com\/#website\"},\"primaryImageOfPage\":{\"@id\":\"https:\/\/edesiam.com\/testimonials\/#primaryimage\"},\"image\":{\"@id\":\"https:\/\/edesiam.com\/testimonials\/#primaryimage\"},\"thumbnailUrl\":\"https:\/\/edesiam.com\/wp-content\/uploads\/2018\/08\/Krista-Monson.jpg\",\"datePublished\":\"2018-08-04T22:07:54+00:00\",\"dateModified\":\"2020-12-04T09:34:26+00:00\",\"breadcrumb\":{\"@id\":\"https:\/\/edesiam.com\/testimonials\/#breadcrumb\"},\"inLanguage\":\"es\",\"potentialAction\":[{\"@type\":\"ReadAction\",\"target\":[\"https:\/\/edesiam.com\/testimonials\/\"]}]},{\"@type\":\"ImageObject\",\"inLanguage\":\"es\",\"@id\":\"https:\/\/edesiam.com\/testimonials\/#primaryimage\",\"url\":\"https:\/\/edesiam.com\/wp-content\/uploads\/2018\/08\/Krista-Monson.jpg\",\"contentUrl\":\"https:\/\/edesiam.com\/wp-content\/uploads\/2018\/08\/Krista-Monson.jpg\"},{\"@type\":\"BreadcrumbList\",\"@id\":\"https:\/\/edesiam.com\/testimonials\/#breadcrumb\",\"itemListElement\":[{\"@type\":\"ListItem\",\"position\":1,\"name\":\"Home\",\"item\":\"https:\/\/edesiam.com\/\"},{\"@type\":\"ListItem\",\"position\":2,\"name\":\"Testimonials\"}]},{\"@type\":\"WebSite\",\"@id\":\"https:\/\/edesiam.com\/#website\",\"url\":\"https:\/\/edesiam.com\/\",\"name\":\"edesiam.com\",\"description\":\"Performance Designer\",\"publisher\":{\"@id\":\"https:\/\/edesiam.com\/#\/schema\/person\/36b2918b7ca7480730e2eb7ec9f09dc9\"},\"potentialAction\":[{\"@type\":\"SearchAction\",\"target\":{\"@type\":\"EntryPoint\",\"urlTemplate\":\"https:\/\/edesiam.com\/?s={search_term_string}\"},\"query-input\":{\"@type\":\"PropertyValueSpecification\",\"valueRequired\":true,\"valueName\":\"search_term_string\"}}],\"inLanguage\":\"es\"},{\"@type\":[\"Person\",\"Organization\"],\"@id\":\"https:\/\/edesiam.com\/#\/schema\/person\/36b2918b7ca7480730e2eb7ec9f09dc9\",\"name\":\"Edesia Moreno Barata\",\"image\":{\"@type\":\"ImageObject\",\"inLanguage\":\"es\",\"@id\":\"https:\/\/edesiam.com\/#\/schema\/person\/image\/\",\"url\":\"https:\/\/secure.gravatar.com\/avatar\/b47ed331f5f2f2d50fa555d74a58a5542585c6b7dbea8a989830e06f37439cb5?s=96&d=mm&r=g\",\"contentUrl\":\"https:\/\/secure.gravatar.com\/avatar\/b47ed331f5f2f2d50fa555d74a58a5542585c6b7dbea8a989830e06f37439cb5?s=96&d=mm&r=g\",\"caption\":\"Edesia Moreno Barata\"},\"logo\":{\"@id\":\"https:\/\/edesiam.com\/#\/schema\/person\/image\/\"},\"sameAs\":[\"http:\/\/edesiam.com\"]}]}<\/script>\n<!-- \/ Yoast SEO plugin. -->","yoast_head_json":{"title":"Testimonials - edesiam.com","robots":{"index":"index","follow":"follow","max-snippet":"max-snippet:-1","max-image-preview":"max-image-preview:large","max-video-preview":"max-video-preview:-1"},"canonical":"https:\/\/edesiam.com\/es\/testimonials\/","og_locale":"es_ES","og_type":"article","og_title":"Testimonials - edesiam.com","og_description":"Krista Monson &#8211; Stage Director &#8220;Edesia is one of the most talented acrobatic and aerial Choreographers I have had the pleasure of working with. She also acted as Assistant Director for a show I directed. She worked tirelessly and successfully to infuse character&nbsp;and narrative within the acrobatics and the overall productions. Every ounce of her [&hellip;]","og_url":"https:\/\/edesiam.com\/es\/testimonials\/","og_site_name":"edesiam.com","article_modified_time":"2020-12-04T09:34:26+00:00","og_image":[{"url":"https:\/\/edesiam.com\/wp-content\/uploads\/2018\/08\/Krista-Monson.jpg","type":"","width":"","height":""}],"twitter_card":"summary_large_image","twitter_misc":{"Tiempo de lectura":"1 minuto"},"schema":{"@context":"https:\/\/schema.org","@graph":[{"@type":"WebPage","@id":"https:\/\/edesiam.com\/testimonials\/","url":"https:\/\/edesiam.com\/testimonials\/","name":"Testimonials - edesiam.com","isPartOf":{"@id":"https:\/\/edesiam.com\/#website"},"primaryImageOfPage":{"@id":"https:\/\/edesiam.com\/testimonials\/#primaryimage"},"image":{"@id":"https:\/\/edesiam.com\/testimonials\/#primaryimage"},"thumbnailUrl":"https:\/\/edesiam.com\/wp-content\/uploads\/2018\/08\/Krista-Monson.jpg","datePublished":"2018-08-04T22:07:54+00:00","dateModified":"2020-12-04T09:34:26+00:00","breadcrumb":{"@id":"https:\/\/edesiam.com\/testimonials\/#breadcrumb"},"inLanguage":"es","potentialAction":[{"@type":"ReadAction","target":["https:\/\/edesiam.com\/testimonials\/"]}]},{"@type":"ImageObject","inLanguage":"es","@id":"https:\/\/edesiam.com\/testimonials\/#primaryimage","url":"https:\/\/edesiam.com\/wp-content\/uploads\/2018\/08\/Krista-Monson.jpg","contentUrl":"https:\/\/edesiam.com\/wp-content\/uploads\/2018\/08\/Krista-Monson.jpg"},{"@type":"BreadcrumbList","@id":"https:\/\/edesiam.com\/testimonials\/#breadcrumb","itemListElement":[{"@type":"ListItem","position":1,"name":"Home","item":"https:\/\/edesiam.com\/"},{"@type":"ListItem","position":2,"name":"Testimonials"}]},{"@type":"WebSite","@id":"https:\/\/edesiam.com\/#website","url":"https:\/\/edesiam.com\/","name":"edesiam.com","description":"Performance Designer","publisher":{"@id":"https:\/\/edesiam.com\/#\/schema\/person\/36b2918b7ca7480730e2eb7ec9f09dc9"},"potentialAction":[{"@type":"SearchAction","target":{"@type":"EntryPoint","urlTemplate":"https:\/\/edesiam.com\/?s={search_term_string}"},"query-input":{"@type":"PropertyValueSpecification","valueRequired":true,"valueName":"search_term_string"}}],"inLanguage":"es"},{"@type":["Person","Organization"],"@id":"https:\/\/edesiam.com\/#\/schema\/person\/36b2918b7ca7480730e2eb7ec9f09dc9","name":"Edesia Moreno Barata","image":{"@type":"ImageObject","inLanguage":"es","@id":"https:\/\/edesiam.com\/#\/schema\/person\/image\/","url":"https:\/\/secure.gravatar.com\/avatar\/b47ed331f5f2f2d50fa555d74a58a5542585c6b7dbea8a989830e06f37439cb5?s=96&d=mm&r=g","contentUrl":"https:\/\/secure.gravatar.com\/avatar\/b47ed331f5f2f2d50fa555d74a58a5542585c6b7dbea8a989830e06f37439cb5?s=96&d=mm&r=g","caption":"Edesia Moreno Barata"},"logo":{"@id":"https:\/\/edesiam.com\/#\/schema\/person\/image\/"},"sameAs":["http:\/\/edesiam.com"]}]}},"_links":{"self":[{"href":"https:\/\/edesiam.com\/es\/wp-json\/wp\/v2\/pages\/15","targetHints":{"allow":["GET"]}}],"collection":[{"href":"https:\/\/edesiam.com\/es\/wp-json\/wp\/v2\/pages"}],"about":[{"href":"https:\/\/edesiam.com\/es\/wp-json\/wp\/v2\/types\/page"}],"author":[{"embeddable":true,"href":"https:\/\/edesiam.com\/es\/wp-json\/wp\/v2\/users\/1"}],"replies":[{"embeddable":true,"href":"https:\/\/edesiam.com\/es\/wp-json\/wp\/v2\/comments?post=15"}],"version-history":[{"count":44,"href":"https:\/\/edesiam.com\/es\/wp-json\/wp\/v2\/pages\/15\/revisions"}],"predecessor-version":[{"id":873,"href":"https:\/\/edesiam.com\/es\/wp-json\/wp\/v2\/pages\/15\/revisions\/873"}],"wp:attachment":[{"href":"https:\/\/edesiam.com\/es\/wp-json\/wp\/v2\/media?parent=15"}],"curies":[{"name":"wp","href":"https:\/\/api.w.org\/{rel}","templated":true}]}}